{"id":1795,"date":"2020-10-28T12:03:50","date_gmt":"2020-10-28T12:03:50","guid":{"rendered":"https:\/\/marcella.fxoptioniq.com\/?page_id=1795"},"modified":"2020-11-18T12:07:49","modified_gmt":"2020-11-18T12:07:49","slug":"servicii-de-cosmetologie","status":"publish","type":"page","link":"https:\/\/marcella.md\/ru\/servicii\/servicii-de-cosmetologie\/","title":{"rendered":"\u041a\u043e\u0441\u043c\u0435\u0442\u043e\u043b\u043e\u0433\u0438\u0447\u0435\u0441\u043a\u0438\u0435 \u0443\u0441\u043b\u0443\u0433\u0438"},"content":{"rendered":"<div class=\"vc_row wpb_row vc_row-fluid\"><div class=\"wpb_column vc_column_container vc_col-sm-4 vc_hidden-xs sc_layouts_column_icons_position_left\"><div class=\"vc_column-inner\"><div class=\"wpb_wrapper\"><div class=\"vc_empty_space  hide_on_tablet hide_on_mobile\"   style=\"height: 6em\"><span class=\"vc_empty_space_inner\"><\/span><\/div><div id=\"sc_services_1621824420\" class=\"sc_services color_style_default sc_services_extra sc_services_featured_top\"><div class=\"sc_services_content sc_item_content sc_item_columns_1\"><div class=\"sc_services_item with_image\">\n\t<div class=\"sc_services_item_header\" style=\"background-image: url(https:\/\/marcella.md\/wp-content\/uploads\/2020\/11\/Dermapen-370x247.png);\">\n        <h6 class=\"sc_services_item_title\"><a href=\"https:\/\/marcella.md\/ru\/services\/dermapen\/\">\u0414\u0435\u0440\u043c\u0430\u043f\u0435\u043d<\/a><\/h6>\n        <a class=\"sc_services_item_link\" href=\"https:\/\/marcella.md\/ru\/services\/dermapen\/\"><\/a>\n    <\/div>\n\n<\/div>\n<\/div><\/div><!-- \/.sc_services --><div class=\"vc_empty_space  hide_on_desktop hide_on_notebook hide_on_tablet\"   style=\"height: 1.5em\"><span class=\"vc_empty_space_inner\"><\/span><\/div><\/div><\/div><\/div><div class=\"wpb_column vc_column_container vc_col-sm-8 sc_layouts_column_icons_position_left\"><div class=\"vc_column-inner\"><div class=\"wpb_wrapper\"><div class=\"vc_row wpb_row vc_inner vc_row-fluid\"><div class=\"wpb_column vc_column_container vc_col-sm-12 sc_layouts_column_icons_position_left\"><div class=\"vc_column-inner\"><div class=\"wpb_wrapper\"><div id=\"sc_services_1880825912\" class=\"sc_services color_style_default sc_services_extra sc_services_featured_top\"><div class=\"sc_services_columns_wrap sc_item_columns sc_item_columns_2 trx_addons_columns_wrap columns_padding_bottom\"><div class=\"trx_addons_column-1_2\"><div class=\"sc_services_item with_image\">\n\t<div class=\"sc_services_item_header\" style=\"background-image: url(https:\/\/marcella.md\/wp-content\/uploads\/2017\/12\/rf-lifting-370x219.jpg);\">\n        <h6 class=\"sc_services_item_title\"><a href=\"https:\/\/marcella.md\/ru\/services\/rf-lifting-facial\/\">RF \u043b\u0438\u0444\u0442\u0438\u043d\u0433 \u043b\u0438\u0446\u0430<\/a><\/h6>\n        <a class=\"sc_services_item_link\" href=\"https:\/\/marcella.md\/ru\/services\/rf-lifting-facial\/\"><\/a>\n    <\/div>\n\n<\/div>\n<\/div><div class=\"trx_addons_column-1_2\"><div class=\"sc_services_item with_image\">\n\t<div class=\"sc_services_item_header\" style=\"background-image: url(https:\/\/marcella.md\/wp-content\/uploads\/2020\/10\/curatare-faciala-370x245.jpg);\">\n        <h6 class=\"sc_services_item_title\"><a href=\"https:\/\/marcella.md\/ru\/services\/curatarea-faciala\/\">\u0420\u0443\u0447\u043d\u0430\u044f \u0447\u0438\u0441\u0442\u043a\u0430 \u043b\u0438\u0446\u0430<\/a><\/h6>\n        <a class=\"sc_services_item_link\" href=\"https:\/\/marcella.md\/ru\/services\/curatarea-faciala\/\"><\/a>\n    <\/div>\n\n<\/div>\n<\/div><\/div><\/div><!-- \/.sc_services --><\/div><\/div><\/div><\/div><div id=\"sc_title_1966542931\"\n\t\tclass=\"sc_title color_style_default sc_title_default\"><h2 class=\"sc_item_title sc_title_title sc_align_left sc_item_title_style_default sc_item_title_tag\">\u041a\u043e\u0441\u043c\u0435\u0442\u043e\u043b\u043e\u0433\u0438\u0447\u0435\u0441\u043a\u0438\u0435 \u0443\u0441\u043b\u0443\u0433\u0438<\/h2><div class=\"sc_item_descr sc_title_descr sc_align_left\"><p>\u041c\u0438\u043c\u0438\u0447\u0435\u0441\u043a\u0438\u0435 \u043c\u043e\u0440\u0449\u0438\u043d\u044b, \u0443\u0433\u0440\u0438, \u0448\u0440\u0430\u043c\u044b, \u0432\u0435\u0441\u043d\u0443\u0448\u043a\u0438, \u0441\u043e\u043b\u043d\u0435\u0447\u043d\u044b\u0435 \u043f\u044f\u0442\u043d\u0430, \u043f\u0438\u0433\u043c\u0435\u043d\u0442\u043d\u044b\u0435 \u043f\u044f\u0442\u043d\u0430, \u0432\u043e\u0437\u0440\u0430\u0441\u0442\u043d\u0430\u044f \u0438 \u0443\u0441\u0442\u0430\u0432\u0448\u0430\u044f \u043a\u043e\u0436\u0430\u2026 \u0421\u0442\u0430\u043b\u043a\u0438\u0432\u0430\u0435\u0442\u0435\u0441\u044c \u043b\u0438 \u0432\u044b \u0441 \u043a\u0430\u043a\u043e\u0439-\u043b\u0438\u0431\u043e \u0438\u0437 \u043f\u0435\u0440\u0435\u0447\u0438\u0441\u043b\u0435\u043d\u043d\u044b\u0445 \u043f\u0440\u043e\u0431\u043b\u0435\u043c? \u0416\u0434\u0435\u043c \u0432\u0430\u0441 \u043d\u0430 \u043a\u043e\u043c\u043f\u043b\u0435\u043a\u0441\u043d\u043e\u043c \u043a\u0443\u0440\u0441\u0435 \u043f\u0440\u043e\u0446\u0435\u0434\u0443\u0440 \u0441 \u0445\u0438\u043c\u0438\u0447\u0435\u0441\u043a\u0438\u043c \u043f\u0438\u043b\u0438\u043d\u0433\u043e\u043c.<\/p>\n<\/div><div class=\"sc_item_button sc_button_wrap sc_align_left\"><a href=\"#oferte\" id=\"sc_button_1277471930\" class=\"sc_button color_style_default sc_button_default sc_item_button sc_item_button_default sc_title_button sc_button_size_normal sc_button_icon_left\"><span class=\"sc_button_text\"><span class=\"sc_button_title\">\u0421\u043f\u0435\u0446. \u043f\u0440\u0435\u0434\u043b\u043e\u0436\u0435\u043d\u0438\u044f<\/span><\/span><!-- \/.sc_button_text --><\/a><!-- \/.sc_button --><\/div><!-- \/.sc_item_button --><\/div><!-- \/.sc_title --><div  id=\"sc_socials_1296715894\" \n\t\tclass=\"sc_socials sc_socials_default sc_align_right\"><div class=\"socials_wrap\"><a target=\"_blank\" href=\"https:\/\/www.facebook.com\/marcellaestet\" class=\"social_item social_item_style_icons social_item_type_icons\"><span class=\"social_icon social_icon_008-facebook-logo\"><span class=\"icon-008-facebook-logo\"><\/span><\/span><\/a><a target=\"_blank\" href=\"https:\/\/www.youtube.com\/channel\/UCBjqhuwKj3MfE3B6Hg2oA8Q\" class=\"social_item social_item_style_icons social_item_type_icons\"><span class=\"social_icon social_icon_010-youtube-symbol\"><span class=\"icon-010-youtube-symbol\"><\/span><\/span><\/a><a target=\"_blank\" href=\"https:\/\/www.instagram.com\/marcellaestet\" class=\"social_item social_item_style_icons social_item_type_icons\"><span class=\"social_icon social_icon_009-instagram-social-network-logo-of-photo-camera\"><span class=\"icon-009-instagram-social-network-logo-of-photo-camera\"><\/span><\/span><\/a><\/div><!-- \/.socials_wrap --><\/div><!-- \/.sc_socials --><\/div><\/div><\/div><\/div><div data-vc-full-width=\"true\" data-vc-full-width-init=\"false\" class=\"vc_row wpb_row vc_row-fluid sc_layouts_hide_on_mobile\"><div class=\"wpb_column vc_column_container vc_col-sm-12 sc_layouts_column_icons_position_left\"><div class=\"vc_column-inner\"><div class=\"wpb_wrapper\"><div class=\"vc_empty_space\"   style=\"height: 2em\"><span class=\"vc_empty_space_inner\"><\/span><\/div><div id=\"sc_title_166917402\"\n\t\tclass=\"sc_title color_style_default sc_title_decor\"><h3 class=\"sc_item_title sc_title_title sc_align_center sc_item_title_style_decor\">\u041d\u0430\u0448\u0438 \u0443\u0441\u043b\u0443\u0433\u0438<\/h3><\/div><!-- \/.sc_title --><div class=\"vc_empty_space  hide_on_tablet hide_on_mobile\"   style=\"height: 2em\"><span class=\"vc_empty_space_inner\"><\/span><\/div><div id=\"sc_content_702098030\"\n\t\tclass=\"sc_content color_style_default sc_content_default sc_content_width_100p sc_float_center  vc_custom_1514993224009\"><div class=\"sc_content_container\"><div id=\"sc_services_1702417870\" class=\"sc_services color_style_default sc_services_alter sc_services_featured_top\"><div class=\"sc_services_columns_wrap sc_item_columns sc_item_columns_2 trx_addons_columns_wrap columns_padding_bottom\"><div class=\"trx_addons_column-1_2\"><div class=\"sc_services_item with_content with_image sc_services_item_featured_none\">\n\t<div class=\"sc_services_item_header\" style=\"background-image: url(https:\/\/marcella.md\/wp-content\/uploads\/2020\/10\/curatare-faciala-370x245.jpg);\">\n\t\t<div class=\"sc_services_item_header_inner\">\n    \t\t<h6 class=\"sc_services_item_title\"><a href=\"https:\/\/marcella.md\/ru\/services\/curatarea-faciala\/\">\u0420\u0443\u0447\u043d\u0430\u044f \u0447\u0438\u0441\u0442\u043a\u0430 \u043b\u0438\u0446\u0430<\/a><\/h6>\n                        <div class=\"sc_services_item_content\">\n                <div class=\"sc_services_item_text\"><p>Cur\u0103\u021bare facial\u0103 + Ultrasunet + Dermapen &#8211; 1000 lei<br \/>\nCur\u0103\u021bare facial\u0103 + Peeling chimic &#8211; 1150 lei<br \/>\nCur\u0103\u021barea facial\u0103 + Dermapen &#8211; 1250 lei<br \/>\nCur\u0103\u021bare facial\u0103 + Peeling chimic + Ultrsunet &#8211; 950 lei<\/p>\n<\/div>\n                <a class=\"sc_button sc_services_item_link\" href=\"https:\/\/marcella.md\/ru\/services\/curatarea-faciala\/\">Read More<\/a>\n            <\/div>\n                    <\/div>\n\n\t<\/div>\n\n<\/div>\n<\/div><div class=\"trx_addons_column-1_2\"><div class=\"sc_services_item with_content with_image sc_services_item_featured_none\">\n\t<div class=\"sc_services_item_header\" style=\"background-image: url(https:\/\/marcella.md\/wp-content\/uploads\/2020\/10\/121164494_200129391523642_216176397455224952_o-370x247.png);\">\n\t\t<div class=\"sc_services_item_header_inner\">\n    \t\t<h6 class=\"sc_services_item_title\"><a href=\"https:\/\/marcella.md\/ru\/services\/peeling-chimic\/\">\u0425\u0438\u043c\u0438\u0447\u0435\u0441\u043a\u0438\u0439 \u043f\u0438\u043b\u0438\u043d\u0433<\/a><\/h6>\n                        <div class=\"sc_services_item_content\">\n                <div class=\"sc_services_item_text\"><p>Cur\u0103\u021bare facil\u0103 cu Ultrasunet + Peeling chimic &#8211; 950 lei<br \/>\nCur\u0103\u021bare facial\u0103 + Peeling chimic &#8211; 1150 lei<\/p>\n<\/div>\n                <a class=\"sc_button sc_services_item_link\" href=\"https:\/\/marcella.md\/ru\/services\/peeling-chimic\/\">Read More<\/a>\n            <\/div>\n                    <\/div>\n\n\t<\/div>\n\n<\/div>\n<\/div><div class=\"trx_addons_column-1_2\"><div class=\"sc_services_item with_content with_image sc_services_item_featured_none\">\n\t<div class=\"sc_services_item_header\" style=\"background-image: url(https:\/\/marcella.md\/wp-content\/uploads\/2018\/01\/cura\u0306t\u0326area-cu-ultrasunet-e1603891508746-370x371.jpg);\">\n\t\t<div class=\"sc_services_item_header_inner\">\n    \t\t<h6 class=\"sc_services_item_title\"><a href=\"https:\/\/marcella.md\/ru\/services\/curatarea-cu-ultrasunet\/\">\u0423\u043b\u044c\u0442\u0440\u0430\u0437\u0432\u0443\u043a\u043e\u0432\u0430\u044f \u0447\u0438\u0441\u0442\u043a\u0430 \u043b\u0438\u0446\u0430<\/a><\/h6>\n                        <div class=\"sc_services_item_content\">\n                <div class=\"sc_services_item_text\"><p>\u0423\u043b\u044c\u0442\u0440\u0430\u0437\u0432\u0443\u043a\u043e\u0432\u0430\u044f \u0447\u0438\u0441\u0442\u043a\u0430 \u0438 \u041c\u0430\u0441\u043a\u0430 - 500 lei<br \/>\n\u0427\u0438\u0441\u0442\u043a\u0430 \u043b\u0438\u0446\u0430 + \u0423\u043b\u044c\u0442\u0440\u0430\u0437\u0432\u0443\u043a - 600 lei<br \/>\nCur\u0103\u021bare facil\u0103 cu Ultrasunet + Peeling chimic &#8211; 950 lei<br \/>\nCur\u0103\u021barea facial\u0103 cu Ultrasunet + Dermapen &#8211; 1000 lei<\/p>\n<\/div>\n                <a class=\"sc_button sc_services_item_link\" href=\"https:\/\/marcella.md\/ru\/services\/curatarea-cu-ultrasunet\/\">Read More<\/a>\n            <\/div>\n                    <\/div>\n\n\t<\/div>\n\n<\/div>\n<\/div><div class=\"trx_addons_column-1_2\"><div class=\"sc_services_item with_content with_image sc_services_item_featured_none\">\n\t<div class=\"sc_services_item_header\" style=\"background-image: url(https:\/\/marcella.md\/wp-content\/uploads\/2020\/11\/Dermapen-370x247.png);\">\n\t\t<div class=\"sc_services_item_header_inner\">\n    \t\t<h6 class=\"sc_services_item_title\"><a href=\"https:\/\/marcella.md\/ru\/services\/dermapen\/\">\u0414\u0435\u0440\u043c\u0430\u043f\u0435\u043d<\/a><\/h6>\n                        <div class=\"sc_services_item_content\">\n                <div class=\"sc_services_item_text\"><p>\u0414\u0435\u0440\u043c\u0430\u043f\u0435\u043d - \u044d\u0444\u0444\u0435\u043a\u0442\u0438\u0432\u043d\u0430\u044f \u043f\u0440\u043e\u0446\u0435\u0434\u0443\u0440\u0430 \u0434\u043b\u044f \u0432\u0435\u0447\u043d\u043e \u043c\u043e\u043b\u043e\u0434\u043e\u0439 \u043a\u043e\u0436\u0438 \u0425\u043e\u0442\u0438\u0442\u0435 \u0438\u043c\u0435\u0442\u044c \u0443\u043f\u0440\u0443\u0433\u0443\u044e, \u0447\u0438\u0441\u0442\u0443\u044e \u0438 \u0431\u0435\u0437 \u043c\u043e\u0440\u0449\u0438\u043d \u043a\u043e\u0436\u0443? \u041f\u043e\u043f\u0440\u043e\u0431\u0443\u0439\u0442\u0435 \u043f\u0440\u043e\u0446\u0435\u0434\u0443\u0440\u0443 \u0434\u0435\u0440\u043c\u0430\u043f\u0435\u043d\u0430 \u0432 \u0441\u0430\u043b\u043e\u043d\u0435 Marcella Estet. \u041f\u0440\u043e\u0446\u0435\u0434\u0443\u0440\u0430 \u043f\u0440\u043e\u0432\u043e\u0434\u0438\u0442\u0441\u044f \u043f\u0443\u0442\u0435\u043c \u0438\u043d\u0434\u0443\u043a\u0446\u0438\u0438 \u043a\u043e\u043b\u043b\u0430\u0433\u0435\u043d\u0430 \u0441 \u043f\u043e\u043c\u043e\u0449\u044c\u044e \u0430\u043f\u043f\u0430\u0440\u0430\u0442\u0430, \u0441\u043e\u0441\u0442\u043e\u044f\u0449\u0435\u0433\u043e \u0438\u0437 12 \u043c\u0438\u043a\u0440\u043e\u0438\u0433\u043b, \u0440\u0430\u0441\u043f\u043e\u043b\u043e\u0436\u0435\u043d\u043d\u044b\u0445 \u043f\u043e \u043a\u0440\u0443\u0433\u0443. \u0418\u0433\u043b\u044b \u043a\u043e\u043d\u0442\u0440\u043e\u043b\u0438\u0440\u0443\u0435\u043c\u043e \u043f\u0440\u043e\u043a\u0430\u043b\u044b\u0432\u0430\u044e\u0442 \u043a\u043e\u0436\u0443, \u0441\u043e\u0437\u0434\u0430\u0432\u0430\u044f \u043c\u0438\u043a\u0440\u043e\u0442\u0440\u0430\u0432\u043c\u044b. \u042d\u0442\u043e \u0432\u043e\u0437\u0434\u0435\u0439\u0441\u0442\u0432\u0438\u0435 \u0441\u0442\u0438\u043c\u0443\u043b\u0438\u0440\u0443\u0435\u0442 \u0441\u043e\u0431\u0441\u0442\u0432\u0435\u043d\u043d\u044b\u0435...<\/p>\n<\/div>\n                <a class=\"sc_button sc_services_item_link\" href=\"https:\/\/marcella.md\/ru\/services\/dermapen\/\">Read More<\/a>\n            <\/div>\n                    <\/div>\n\n\t<\/div>\n\n<\/div>\n<\/div><\/div><\/div><!-- \/.sc_services --><\/div><\/div><!-- \/.sc_content --><div class=\"vc_empty_space  hide_on_tablet hide_on_mobile\"   style=\"height: 2em\"><span class=\"vc_empty_space_inner\"><\/span><\/div><div class=\"vc_empty_space  hide_on_mobile\"   style=\"height: 1em\"><span class=\"vc_empty_space_inner\"><\/span><\/div><\/div><\/div><\/div><\/div><div class=\"vc_row-full-width vc_clearfix\"><\/div><div data-vc-full-width=\"true\" data-vc-full-width-init=\"false\" data-vc-stretch-content=\"true\" class=\"vc_row wpb_row vc_row-fluid vc_custom_1605697233242 vc_row-has-fill sc_layouts_hide_on_desktop sc_layouts_hide_on_notebook sc_layouts_hide_on_tablet scheme_default\"><div class=\"wpb_column vc_column_container vc_col-sm-12 vc_col-xs-12 sc_layouts_column_icons_position_left\"><div class=\"vc_column-inner\"><div class=\"wpb_wrapper\"><h1 style=\"text-align: center;font-family:Abril Fatface;font-weight:400;font-style:normal\" class=\"vc_custom_heading\" ><a href=\"https:\/\/marcella.fxoptioniq.com\/servicii\/\" title=\"\u0412\u0441\u0435 \u0443\u0441\u043b\u0443\u0433\u0438\">\u041d\u0430\u0448\u0438 \u0423\u0441\u043b\u0443\u0433\u0438<\/a><\/h1><div class=\"vc_row wpb_row vc_inner vc_row-fluid vc_custom_1605694142881\"><div class=\"wpb_column vc_column_container vc_col-sm-12 vc_col-xs-6 sc_layouts_column_icons_position_left\"><div class=\"vc_column-inner\"><div class=\"wpb_wrapper\"><div  id=\"sc_action_1501957084\" \n\tclass=\"sc_action color_style_default sc_action_alter  vc_custom_1605701058358\"><div class=\"sc_action_content sc_item_content\"><div class=\"sc_action_item sc_action_item_alter sc_action_item_bc\">\n\t\t\t<div class=\"sc_action_item_image\">\n                    <a href=\"https:\/\/marcella.md\/ru\/services\/curatarea-faciala\/\" class=\"wrap_link\">\n                        <img loading=\"lazy\" decoding=\"async\" src=\"https:\/\/marcella.md\/wp-content\/uploads\/2020\/11\/curatare-mobile-1.png\" alt=\"curatare-mobile-1.png\" width=\"720\" height=\"720\">\n                        <div class=\"mask\"><\/div>\n                        <div class=\"icons\">\n                            <span aria-hidden=\"true\" class=\"icon-visibility\">\n                            <\/span>\n                        <\/div>\n                    <\/a>\n                    <\/div><div class=\"sc_action_item_date\">\u0420\u0443\u0447\u043d\u0430\u044f \u0447\u0438\u0441\u0442\u043a\u0430 \u043b\u0438\u0446\u0430<\/div><\/div><\/div><\/div><!-- \/.sc_action --><div  id=\"sc_action_859538164\" \n\tclass=\"sc_action color_style_default sc_action_alter  vc_custom_1605701111636\"><div class=\"sc_action_content sc_item_content\"><div class=\"sc_action_item sc_action_item_alter sc_action_item_bc\">\n\t\t\t<div class=\"sc_action_item_image\">\n                    <a href=\"https:\/\/marcella.md\/ru\/services\/curatarea-cu-ultrasunet\/\" class=\"wrap_link\">\n                        <img loading=\"lazy\" decoding=\"async\" src=\"https:\/\/marcella.md\/wp-content\/uploads\/2020\/11\/curatare-mobile.png\" alt=\"curatare-mobile.png\" width=\"853\" height=\"853\">\n                        <div class=\"mask\"><\/div>\n                        <div class=\"icons\">\n                            <span aria-hidden=\"true\" class=\"icon-visibility\">\n                            <\/span>\n                        <\/div>\n                    <\/a>\n                    <\/div><div class=\"sc_action_item_date\">\u0423\u043b\u044c\u0442\u0440\u0430\u0437\u0432\u0443\u043a\u043e\u0432\u0430\u044f \u0447\u0438\u0441\u0442\u043a\u0430<\/div><\/div><\/div><\/div><!-- \/.sc_action --><\/div><\/div><\/div><div class=\"wpb_column vc_column_container vc_col-sm-12 vc_col-xs-6 sc_layouts_column_icons_position_left\"><div class=\"vc_column-inner\"><div class=\"wpb_wrapper\"><div  id=\"sc_action_584616807\" \n\tclass=\"sc_action color_style_default sc_action_alter  vc_custom_1605701251176\"><div class=\"sc_action_content sc_item_content\"><div class=\"sc_action_item sc_action_item_alter sc_action_item_bc\">\n\t\t\t<div class=\"sc_action_item_image\">\n                    <a href=\"\/ru\/services\/pilling-chimic\/\" class=\"wrap_link\">\n                        <img loading=\"lazy\" decoding=\"async\" src=\"https:\/\/marcella.md\/wp-content\/uploads\/2020\/11\/pilling-mobile.png\" alt=\"pilling-mobile.png\" width=\"720\" height=\"720\">\n                        <div class=\"mask\"><\/div>\n                        <div class=\"icons\">\n                            <span aria-hidden=\"true\" class=\"icon-visibility\">\n                            <\/span>\n                        <\/div>\n                    <\/a>\n                    <\/div><div class=\"sc_action_item_date\">\u041f\u0438\u043b\u0438\u043d\u0433 \u043b\u0438\u0446\u0430<\/div><\/div><\/div><\/div><!-- \/.sc_action --><div  id=\"sc_action_770541765\" \n\tclass=\"sc_action color_style_default sc_action_alter  vc_custom_1605701150895\"><div class=\"sc_action_content sc_item_content\"><div class=\"sc_action_item sc_action_item_alter sc_action_item_bc\">\n\t\t\t<div class=\"sc_action_item_image\">\n                    <a href=\"\/ru\/services\/tratament-cu-masca-led\/\" class=\"wrap_link\">\n                        <img loading=\"lazy\" decoding=\"async\" src=\"https:\/\/marcella.md\/wp-content\/uploads\/2020\/11\/masca-led-mobile.png\" alt=\"masca-led-mobile.png\" width=\"730\" height=\"730\">\n                        <div class=\"mask\"><\/div>\n                        <div class=\"icons\">\n                            <span aria-hidden=\"true\" class=\"icon-visibility\">\n                            <\/span>\n                        <\/div>\n                    <\/a>\n                    <\/div><div class=\"sc_action_item_date\">\u0421\u0432\u0435\u0442\u043e\u0434\u0438\u043e\u0434\u043d\u0430\u044f \u043c\u0430\u0441\u043a\u0430 \u043b\u0438\u0446\u0430<\/div><\/div><\/div><\/div><!-- \/.sc_action --><\/div><\/div><\/div><\/div><\/div><\/div><\/div><\/div><div class=\"vc_row-full-width vc_clearfix\"><\/div><div class=\"vc_row wpb_row vc_row-fluid\"><div class=\"wpb_column vc_column_container vc_col-sm-12 sc_layouts_column_icons_position_left\"><div class=\"vc_column-inner\"><div class=\"wpb_wrapper\"><div class=\"vc_empty_space  hide_on_notebook hide_on_tablet hide_on_mobile\"   style=\"height: 3.6em\"><span class=\"vc_empty_space_inner\"><\/span><\/div><div id=\"oferte\"\n\t\tclass=\"sc_title color_style_default sc_title_default\"><h2 class=\"sc_item_title sc_title_title sc_align_center sc_item_title_style_default sc_item_title_tag\">\u0421\u043f\u0435\u0446. \u043f\u0440\u0435\u0434\u043b\u043e\u0436\u0435\u043d\u0438\u044f<\/h2><\/div><!-- \/.sc_title --><div class=\"vc_empty_space\"   style=\"height: 1em\"><span class=\"vc_empty_space_inner\"><\/span><\/div><div class=\"vc_empty_space  hide_on_mobile\"   style=\"height: 2em\"><span class=\"vc_empty_space_inner\"><\/span><\/div><div id=\"sc_services_525044106\" class=\"sc_services color_style_default sc_services_list sc_services_featured_top sc_services_popup sc_post_details_popup\"><div class=\"sc_services_columns_wrap sc_item_columns sc_item_columns_2 trx_addons_columns_wrap\"><div class=\"trx_addons_column-1_2\"><div class=\"sc_services_item without_content sc_services_item_featured_none\" data-post_id=\"312\" data-post_type=\"cpt_services\">\n\t\t\n\t<div class=\"sc_services_item_info\">\n\t\t<div class=\"sc_services_item_header\">\n\t\t\t<h6 class=\"sc_services_item_title\"><a href=\"https:\/\/marcella.md\/ru\/services\/rf-lifting-facial\/\">RF \u043b\u0438\u0444\u0442\u0438\u043d\u0433 \u043b\u0438\u0446\u0430<\/a><\/h6>\n                            <div class=\"sc_services_item_price\">650 MDL<\/div>\n            \t\t<\/div>\n\t\t\t<\/div>\n<\/div>\n<\/div><div class=\"trx_addons_column-1_2\"><div class=\"sc_services_item without_content sc_services_item_featured_none\" data-post_id=\"1048\" data-post_type=\"cpt_services\">\n\t\t\n\t<div class=\"sc_services_item_info\">\n\t\t<div class=\"sc_services_item_header\">\n\t\t\t<h6 class=\"sc_services_item_title\"><a href=\"https:\/\/marcella.md\/ru\/services\/curatarea-faciala\/\">\u0420\u0443\u0447\u043d\u0430\u044f \u0447\u0438\u0441\u0442\u043a\u0430 \u043b\u0438\u0446\u0430<\/a><\/h6>\n                            <div class=\"sc_services_item_price\">950-1250 MDL<\/div>\n            \t\t<\/div>\n\t\t\t<\/div>\n<\/div>\n<\/div><div class=\"trx_addons_column-1_2\"><div class=\"sc_services_item without_content sc_services_item_featured_none\" data-post_id=\"1061\" data-post_type=\"cpt_services\">\n\t\t\n\t<div class=\"sc_services_item_info\">\n\t\t<div class=\"sc_services_item_header\">\n\t\t\t<h6 class=\"sc_services_item_title\"><a href=\"https:\/\/marcella.md\/ru\/services\/peeling-chimic\/\">\u0425\u0438\u043c\u0438\u0447\u0435\u0441\u043a\u0438\u0439 \u043f\u0438\u043b\u0438\u043d\u0433<\/a><\/h6>\n                            <div class=\"sc_services_item_price\">950-1150 MDL<\/div>\n            \t\t<\/div>\n\t\t\t<\/div>\n<\/div>\n<\/div><div class=\"trx_addons_column-1_2\"><div class=\"sc_services_item without_content sc_services_item_featured_none\" data-post_id=\"1063\" data-post_type=\"cpt_services\">\n\t\t\n\t<div class=\"sc_services_item_info\">\n\t\t<div class=\"sc_services_item_header\">\n\t\t\t<h6 class=\"sc_services_item_title\"><a href=\"https:\/\/marcella.md\/ru\/services\/curatarea-cu-ultrasunet\/\">\u0423\u043b\u044c\u0442\u0440\u0430\u0437\u0432\u0443\u043a\u043e\u0432\u0430\u044f \u0447\u0438\u0441\u0442\u043a\u0430 \u043b\u0438\u0446\u0430<\/a><\/h6>\n                            <div class=\"sc_services_item_price\">500-1000 MDL<\/div>\n            \t\t<\/div>\n\t\t\t<\/div>\n<\/div>\n<\/div><div class=\"trx_addons_column-1_2\"><div class=\"sc_services_item without_content sc_services_item_featured_none\" data-post_id=\"2475\" data-post_type=\"cpt_services\">\n\t\t\n\t<div class=\"sc_services_item_info\">\n\t\t<div class=\"sc_services_item_header\">\n\t\t\t<h6 class=\"sc_services_item_title\"><a href=\"https:\/\/marcella.md\/ru\/services\/dermapen\/\">\u0414\u0435\u0440\u043c\u0430\u043f\u0435\u043d<\/a><\/h6>\n                            <div class=\"sc_services_item_price\">1000-1250 MDL<\/div>\n            \t\t<\/div>\n\t\t\t<\/div>\n<\/div>\n<\/div><\/div><\/div><!-- \/.sc_services --><div class=\"vc_empty_space  hide_on_mobile\"   style=\"height: 2em\"><span class=\"vc_empty_space_inner\"><\/span><\/div><\/div><\/div><\/div><\/div>","protected":false},"excerpt":{"rendered":"Dermapen - tratament eficient pentru o piele mereu t\u00e2n\u0103r\u0103 \u00ce\u021bi dore\u0219ti o piele mereu ferm\u0103, curat\u0103 \u0219i f\u0103r\u0103 riduri? \u00cencearc\u0103 procedura dermapen la salonul Marcella Estet. Tratamentul are loc prin induc\u021bia de colagen cu ajutorul unui dispozitiv compus din 12 microace aranjate \u00een forma de cerc. Acele str\u0103pung \u00een mod controlat pielea, cre\u00eend o microtraum\u0103. Aceast\u0103 ac\u021biune stimuleaz\u0103 procesul de&hellip;","protected":false},"author":1,"featured_media":0,"parent":2059,"menu_order":0,"comment_status":"closed","ping_status":"closed","template":"","meta":{"footnotes":""},"class_list":["post-1795","page","type-page","status-publish","hentry"],"_links":{"self":[{"href":"https:\/\/marcella.md\/ru\/wp-json\/wp\/v2\/pages\/1795"}],"collection":[{"href":"https:\/\/marcella.md\/ru\/wp-json\/wp\/v2\/pages"}],"about":[{"href":"https:\/\/marcella.md\/ru\/wp-json\/wp\/v2\/types\/page"}],"author":[{"embeddable":true,"href":"https:\/\/marcella.md\/ru\/wp-json\/wp\/v2\/users\/1"}],"replies":[{"embeddable":true,"href":"https:\/\/marcella.md\/ru\/wp-json\/wp\/v2\/comments?post=1795"}],"version-history":[{"count":17,"href":"https:\/\/marcella.md\/ru\/wp-json\/wp\/v2\/pages\/1795\/revisions"}],"predecessor-version":[{"id":2431,"href":"https:\/\/marcella.md\/ru\/wp-json\/wp\/v2\/pages\/1795\/revisions\/2431"}],"up":[{"embeddable":true,"href":"https:\/\/marcella.md\/ru\/wp-json\/wp\/v2\/pages\/2059"}],"wp:attachment":[{"href":"https:\/\/marcella.md\/ru\/wp-json\/wp\/v2\/media?parent=1795"}],"curies":[{"name":"wp","href":"https:\/\/api.w.org\/{rel}","templated":true}]}}