{"id":220,"date":"2017-12-05T12:41:59","date_gmt":"2017-12-05T12:41:59","guid":{"rendered":"http:\/\/edema.axiomthemes.com\/?page_id=220"},"modified":"2020-11-19T11:42:29","modified_gmt":"2020-11-19T11:42:29","slug":"appointment","status":"publish","type":"page","link":"https:\/\/marcella.md\/ru\/appointment\/","title":{"rendered":"\u041e\u043d\u043b\u0430\u0439\u043d \u0437\u0430\u043f\u0438\u0441\u044c"},"content":{"rendered":"<div class=\"vc_row wpb_row vc_row-fluid\"><div class=\"wpb_column vc_column_container vc_col-sm-12 sc_layouts_column_icons_position_left\"><div class=\"vc_column-inner\"><div class=\"wpb_wrapper\">\n<div class=\"wpcf7 no-js\" id=\"wpcf7-f731-o1\" lang=\"en-US\" dir=\"ltr\">\n<div class=\"screen-reader-response\"><p role=\"status\" aria-live=\"polite\" aria-atomic=\"true\"><\/p> <ul><\/ul><\/div>\n<form action=\"\/ru\/wp-json\/wp\/v2\/pages\/220#wpcf7-f731-o1\" method=\"post\" class=\"wpcf7-form init\" aria-label=\"Contact form\" novalidate=\"novalidate\" data-status=\"init\" data-trp-original-action=\"\/ru\/wp-json\/wp\/v2\/pages\/220#wpcf7-f731-o1\">\n<div style=\"display: none;\">\n<input type=\"hidden\" name=\"_wpcf7\" value=\"731\" \/>\n<input type=\"hidden\" name=\"_wpcf7_version\" value=\"5.9.7\" \/>\n<input type=\"hidden\" name=\"_wpcf7_locale\" value=\"en_US\" \/>\n<input type=\"hidden\" name=\"_wpcf7_unit_tag\" value=\"wpcf7-f731-o1\" \/>\n<input type=\"hidden\" name=\"_wpcf7_container_post\" value=\"0\" \/>\n<input type=\"hidden\" name=\"_wpcf7_posted_data_hash\" value=\"\" \/>\n<\/div>\n<div class=\"columns_wrap\">\n\t<div class=\"column-1_1\">\n\t\t<h3>\u041a\u043e\u043d\u0442\u0430\u043a\u0442\u043d\u044b\u0435 \u0414\u0430\u043d\u043d\u044b\u0435\n\t\t<\/h3>\n\t<\/div>\n<\/div>\n<div class=\"columns_wrap cust_mrg\">\n\t<div class=\"column-1_3\">\n\t\t<div class=\"decor\">\n\t\t\t<p><span class=\"wpcf7-form-control-wrap\" data-name=\"your-name\"><input size=\"40\" maxlength=\"400\" class=\"wpcf7-form-control wpcf7-text\" aria-invalid=\"false\" placeholder=\"\u0418\u043c\u044f*\" value=\"\" type=\"text\" name=\"your-name\" \/><\/span>\n\t\t\t<\/p>\n\t\t<\/div>\n\t<\/div>\n\t<div class=\"column-1_3\">\n\t\t<div class=\"decor\">\n\t\t\t<p><span class=\"wpcf7-form-control-wrap\" data-name=\"your-email\"><input size=\"40\" maxlength=\"400\" class=\"wpcf7-form-control wpcf7-email wpcf7-text wpcf7-validates-as-email\" aria-invalid=\"false\" placeholder=\"\u042d\u043b. \u043f\u043e\u0447\u0442\u0430*\" value=\"\" type=\"email\" name=\"your-email\" \/><\/span>\n\t\t\t<\/p>\n\t\t<\/div>\n\t<\/div>\n\t<div class=\"column-1_3\">\n\t\t<div class=\"decor\">\n\t\t\t<p><span class=\"wpcf7-form-control-wrap\" data-name=\"your-phone\"><input size=\"40\" maxlength=\"400\" class=\"wpcf7-form-control wpcf7-tel wpcf7-text wpcf7-validates-as-tel\" aria-invalid=\"false\" placeholder=\"\u0442\u0435\u043b\u0435\u0444\u043e\u043d\" value=\"\" type=\"tel\" name=\"your-phone\" \/><\/span>\n\t\t\t<\/p>\n\t\t<\/div>\n\t<\/div>\n<\/div>\n<div class=\"columns_wrap\">\n\t<div class=\"column-1_1 extra_margin\">\n\t\t<h3>\u0414\u0435\u0442\u0430\u043b\u0438 \u0437\u0430\u043f\u0438\u0441\u0438\n\t\t<\/h3>\n\t<\/div>\n<\/div>\n<div class=\"columns_wrap\">\n\t<div class=\"column-1_3\">\n\t\t<div class=\"date_decor\">\n\t\t\t<p><span class=\"wpcf7-form-control-wrap datetime-15\"><input size=\"40\" class=\"wpcf7-form-control wpcf7-datetime wpcf7-date\" type=\"text\" placeholder=\"Selecta\u021bi ziua \u0219i ora program\u0103rii\" value=\"\" name=\"datetime-15\" \/> <\/span>\n\t\t\t<\/p>\n\t\t<\/div>\n\t<\/div>\n\t<div class=\"column-1_3\">\n\t\t<p><span class=\"wpcf7-form-control-wrap\" data-name=\"your-menu\"><select class=\"wpcf7-form-control wpcf7-select\" aria-invalid=\"false\" name=\"your-menu\"><option value=\"Alege\u021bi serviciul dorit\">Alege\u021bi serviciul dorit<\/option><option value=\"Cosmetologie\">\u041a\u043e\u0441\u043c\u0435\u0442\u043e\u043b\u043e\u0433\u0438\u044f<\/option><option value=\"Frumuse\u021be\">\u041a\u0440\u0430\u0441\u043e\u0442\u0430 \u0438 \u0443\u0445\u043e\u0434<\/option><option value=\"Epilare\">\u042d\u043f\u0438\u043b\u044f\u0446\u0438\u044f<\/option><option value=\"Remodelare corporal\u0103\">\u0420\u0435\u043c\u043e\u0434\u0435\u043b\u0438\u0440\u043e\u0432\u0430\u043d\u0438\u0435 \u0442\u0435\u043b\u0430<\/option><\/select><\/span>\n\t\t<\/p>\n\t<\/div>\n<\/div>\n<div class=\"columns_wrap\">\n\t<div class=\"column-1_1\">\n\t\t<p><span class=\"wpcf7-form-control-wrap\" data-name=\"your-textarea\"><textarea cols=\"40\" rows=\"10\" maxlength=\"2000\" class=\"wpcf7-form-control wpcf7-textarea\" aria-invalid=\"false\" placeholder=\"\u0414\u043e\u043f\u043e\u043b\u043d\u0438\u0442\u0435\u043b\u044c\u043d\u044b\u0435 \u043a\u043e\u043c\u043c\u0435\u043d\u0442\u0430\u0440\u0438\u0438 \u0438\u043b\u0438 \u0432\u043e\u043f\u0440\u043e\u0441\u044b\" name=\"your-textarea\"><\/textarea><\/span>\n\t\t<\/p>\n\t<\/div>\n<\/div>\n<div class=\"columns_wrap\">\n\t<div class=\"column-1_1\">\n\t\t<p class=\"description\">\u041e\u0431\u0440\u0430\u0442\u0438\u0442\u0435 \u0432\u043d\u0438\u043c\u0430\u043d\u0438\u0435, \u0447\u0442\u043e \u0437\u0430\u043f\u0440\u043e\u0448\u0435\u043d\u043d\u044b\u0435 \u0434\u0430\u0442\u0430 \u0438 \u0432\u0440\u0435\u043c\u044f \u043c\u043e\u0433\u0443\u0442 \u0431\u044b\u0442\u044c \u043d\u0435\u0434\u043e\u0441\u0442\u0443\u043f\u043d\u044b. \u041c\u044b \u0441\u0432\u044f\u0436\u0435\u043c\u0441\u044f \u0441 \u0432\u0430\u043c\u0438, \u0447\u0442\u043e\u0431\u044b \u043f\u043e\u0434\u0442\u0432\u0435\u0440\u0434\u0438\u0442\u044c \u0432\u0430\u0448\u0443 \u0437\u0430\u043f\u0438\u0441\u044c.\n\t\t<\/p>\n\t<\/div>\n<\/div>\n<div class=\"columns_wrap\">\n\t<div class=\"column-1_1 center\">\n\t\t<p><input class=\"wpcf7-form-control wpcf7-submit has-spinner\" type=\"submit\" value=\"\u041e\u0442\u043f\u0440\u0430\u0432\u0438\u0442\u044c\" \/>\n\t\t<\/p>\n\t<\/div>\n<\/div><div class=\"wpcf7-response-output\" aria-hidden=\"true\"><\/div>\n<input type=\"hidden\" name=\"trp-form-language\" value=\"ru\"\/><\/form>\n<\/div>\n<\/div><\/div><\/div><\/div>","protected":false},"excerpt":{"rendered":"Informa\u021bii de contact Detaliile program\u0103rii Alege\u021bi serviciul doritCosmetologieFrumuse\u021beEpilareRemodelare corporal\u0103 V\u0103 aten\u021bion\u0103m c\u0103 data \u0219i ora solicitate pot s\u0103 nu fie disponibile. V\u0103 vom contacta pentru a confirma detaliile program\u0103rii.","protected":false},"author":1,"featured_media":0,"parent":0,"menu_order":0,"comment_status":"closed","ping_status":"closed","template":"","meta":{"footnotes":""},"class_list":["post-220","page","type-page","status-publish","hentry"],"_links":{"self":[{"href":"https:\/\/marcella.md\/ru\/wp-json\/wp\/v2\/pages\/220"}],"collection":[{"href":"https:\/\/marcella.md\/ru\/wp-json\/wp\/v2\/pages"}],"about":[{"href":"https:\/\/marcella.md\/ru\/wp-json\/wp\/v2\/types\/page"}],"author":[{"embeddable":true,"href":"https:\/\/marcella.md\/ru\/wp-json\/wp\/v2\/users\/1"}],"replies":[{"embeddable":true,"href":"https:\/\/marcella.md\/ru\/wp-json\/wp\/v2\/comments?post=220"}],"version-history":[{"count":3,"href":"https:\/\/marcella.md\/ru\/wp-json\/wp\/v2\/pages\/220\/revisions"}],"predecessor-version":[{"id":2489,"href":"https:\/\/marcella.md\/ru\/wp-json\/wp\/v2\/pages\/220\/revisions\/2489"}],"wp:attachment":[{"href":"https:\/\/marcella.md\/ru\/wp-json\/wp\/v2\/media?parent=220"}],"curies":[{"name":"wp","href":"https:\/\/api.w.org\/{rel}","templated":true}]}}