{"id":2282,"date":"2020-11-12T15:23:37","date_gmt":"2020-11-12T15:23:37","guid":{"rendered":"https:\/\/marcella.fxoptioniq.com\/?page_id=2282"},"modified":"2020-11-12T16:28:06","modified_gmt":"2020-11-12T16:28:06","slug":"vouchere","status":"publish","type":"page","link":"https:\/\/marcella.md\/ru\/vouchere\/","title":{"rendered":"\u0412\u0430\u0443\u0447\u0435\u0440\u044b"},"content":{"rendered":"<div class=\"vc_row wpb_row vc_row-fluid vc_custom_1603986775949 vc_row-has-fill\"><div class=\"wpb_column vc_column_container vc_col-sm-2 sc_layouts_column_icons_position_left\"><div class=\"vc_column-inner\"><div class=\"wpb_wrapper\"><\/div><\/div><\/div><div class=\"wpb_column vc_column_container vc_col-sm-8 sc_layouts_column_icons_position_left\"><div class=\"vc_column-inner\"><div class=\"wpb_wrapper\"><div class=\"vc_row wpb_row vc_inner vc_row-fluid vc_row-o-equal-height vc_row-flex\"><div class=\"wpb_column vc_column_container vc_col-sm-12 sc_layouts_column_icons_position_left\"><div class=\"vc_column-inner\"><div class=\"wpb_wrapper\"><div id=\"sc_title_496870786\"\n\t\tclass=\"sc_title color_style_default sc_title_extra  vc_custom_1605198035615\"><h2 class=\"sc_item_title sc_title_title sc_align_left sc_item_title_style_extra sc_item_title_tag\">\u041f\u043e\u0434\u0430\u0440\u043e\u0447\u043d\u044b\u0439 \u0432\u0430\u0443\u0447\u0435\u0440<\/h2><div class=\"sc_item_descr sc_title_descr sc_align_left\"><p>\u0414\u0430\u0440\u0438\u0442\u0435 \u043f\u043e\u0434\u0430\u0440\u043e\u0447\u043d\u044b\u0435 \u0441\u0435\u0440\u0442\u0438\u0444\u0438\u043a\u0430\u0442\u044b \u043f\u043e \u043b\u044e\u0431\u043e\u043c\u0443 \u043f\u043e\u0432\u043e\u0434\u0443: \u0441\u0432\u0430\u0434\u0435\u0431\u043d\u044b\u0439 \u043f\u043e\u0434\u0430\u0440\u043e\u043a, \u044e\u0431\u0438\u043b\u0435\u0438, \u0434\u043d\u0438 \u0440\u043e\u0436\u0434\u0435\u043d\u0438\u044f, \u0432\u044b\u043f\u0443\u0441\u043a\u043d\u043e\u0439 \u0438\u043b\u0438 \u043a\u0430\u0436\u0434\u044b\u0439 \u0440\u0430\u0437, \u043a\u043e\u0433\u0434\u0430 \u0445\u043e\u0442\u0438\u0442\u0435 \u0443\u0434\u0438\u0432\u0438\u0442\u044c \u0438\u043b\u0438 \u043f\u043e\u0431\u0430\u043b\u043e\u0432\u0430\u0442\u044c \u0441\u0432\u043e\u0438\u0445 \u0431\u043b\u0438\u0437\u043a\u0438\u0445 \u043e\u0441\u043e\u0431\u0435\u043d\u043d\u044b\u043c \u043f\u043e\u0434\u0430\u0440\u043a\u043e\u043c.<\/p>\n<p>\u0421\u0434\u0435\u043b\u0430\u0439\u0442\u0435 \u0438\u0434\u0435\u0430\u043b\u044c\u043d\u044b\u0439 \u043f\u043e\u0434\u0430\u0440\u043e\u043a \u043d\u0430 \u043b\u044e\u0431\u043e\u0439 \u0441\u043b\u0443\u0447\u0430\u0439 \u043a\u0430\u043a \u0434\u043b\u044f \u043d\u0435\u0435, \u0442\u0430\u043a \u0438 \u0434\u043b\u044f \u043d\u0435\u0433\u043e. \u041f\u043e\u0434\u0430\u0440\u043e\u0447\u043d\u044b\u0439 \u0441\u0435\u0440\u0442\u0438\u0444\u0438\u043a\u0430\u0442 \u043c\u043e\u0436\u043d\u043e \u0437\u0430\u043a\u0430\u0437\u0430\u0442\u044c \u043d\u0430 \u043b\u044e\u0431\u043e\u0439 \u0432\u0438\u0434 \u0443\u0441\u043b\u0443\u0433 \u0432 \u0441\u0430\u043b\u043e\u043d\u0435. (500 \u043b\u0435\u0439, 800 \u043b\u0435\u0439, 1000 \u043b\u0435\u0439 \u0438\u043b\u0438 \u043d\u0430 \u0437\u0430\u043a\u0430\u0437).<\/p>\n<\/div><\/div><!-- \/.sc_title --><div class=\"vc_empty_space  hide_on_tablet hide_on_mobile height_large\"   style=\"height: 0px\"><span class=\"vc_empty_space_inner\"><\/span><\/div><\/div><\/div><\/div><\/div><\/div><\/div><\/div><div class=\"wpb_column vc_column_container vc_col-sm-2 sc_layouts_column_icons_position_left\"><div class=\"vc_column-inner\"><div class=\"wpb_wrapper\"><\/div><\/div><\/div><\/div><div data-vc-full-width=\"true\" data-vc-full-width-init=\"false\" class=\"vc_row wpb_row vc_row-fluid vc_custom_1605196967964 vc_row-has-fill\"><div class=\"wpb_column vc_column_container vc_col-sm-5 sc_layouts_column_icons_position_left\"><div class=\"vc_column-inner\"><div class=\"wpb_wrapper\"><div class=\"vc-hoverbox-wrapper  wpb_animate_when_almost_visible wpb_zoomIn zoomIn vc-hoverbox-shape--square vc-hoverbox-align--right vc-hoverbox-direction--reverse vc-hoverbox-width--100\"  ontouchstart=\"\">\n  <div class=\"vc-hoverbox\">\n    <div class=\"vc-hoverbox-inner\">\n      <div class=\"vc-hoverbox-block vc-hoverbox-front\" style=\"background-image: url(https:\/\/marcella.md\/wp-content\/uploads\/2020\/11\/masaj-facial.jpg);\">\n        <div class=\"vc-hoverbox-block-inner vc-hoverbox-front-inner\">\n            <h2 style=\"text-align:center\">\u0412\u0430\u0443\u0447\u0435\u0440 <\/br> 500 MDL<\/h2>\n        <\/div>\n      <\/div>\n      <div class=\"vc-hoverbox-block vc-hoverbox-back\" style=\"background-color: #51101d;\">\n        <div class=\"vc-hoverbox-block-inner vc-hoverbox-back-inner\">\n            <h2 style=\"font-size: 52px;color: #cecece;text-align: center;font-family:Abril Fatface;font-weight:400;font-style:normal\" class=\"vc_custom_heading\" ><a href=\"https:\/\/marcella.fxoptioniq.com\/contacte\/\" title=\"\u041a\u043e\u043d\u0442\u0430\u043a\u0442\u044b\">\u041f\u043e\u0434\u0430\u0440\u043e\u0447\u043d\u044b\u0439 \u0432\u0430\u0443\u0447\u0435\u0440<\/a><\/h2>\n            <p style=\"text-align: center;\">\u0446\u0435\u043d\u043e\u0439 500 \u043b\u0435\u0439<br \/>\n\u041f\u043e\u0434\u0430\u0440\u0438\u0442\u0435 \u0441\u0432\u043e\u0438\u043c \u0431\u043b\u0438\u0437\u043a\u0438\u043c \u043f\u0440\u0438\u043a\u043e\u0441\u043d\u043e\u0432\u0435\u043d\u0438\u0435 \u043a\u0440\u0430\u0441\u043e\u0442\u044b.<br \/>\n\u041f\u043e\u0440\u0430\u0434\u0443\u0439\u0442\u0435 \u0438\u0445 \u043f\u043e\u0434\u0430\u0440\u043e\u0447\u043d\u044b\u043c \u0441\u0435\u0440\u0442\u0438\u0444\u0438\u043a\u0430\u0442\u043e\u043c \u043e\u0442 Marcella Estet.<\/p>\n<p>______________________________________________<br \/>\n______________________________________________<\/p>\n<p>&nbsp;<\/p>\n\n            \n        <\/div>\n      <\/div>\n    <\/div>\n  <\/div>\n<\/div><div class=\"vc_btn3-container vc_btn3-center vc_custom_1605196812020\" ><a style=\"background-color:#51101d; color:#ffffff;\" class=\"vc_general vc_btn3 vc_btn3-size-md vc_btn3-shape-square vc_btn3-style-custom\" href=\"https:\/\/marcella.fxoptioniq.com\/contacte\/\" title=\"\u041a\u043e\u043d\u0442\u0430\u043a\u0442\u044b\">\u0417\u0430\u043a\u0430\u0437\u0430\u0442\u044c<\/a><\/div><\/div><\/div><\/div><div class=\"wpb_column vc_column_container vc_col-sm-1 sc_layouts_column_icons_position_left\"><div class=\"vc_column-inner\"><div class=\"wpb_wrapper\"><\/div><\/div><\/div><div class=\"wpb_column vc_column_container vc_col-sm-5 sc_layouts_column_icons_position_left\"><div class=\"vc_column-inner\"><div class=\"wpb_wrapper\"><div class=\"vc-hoverbox-wrapper  wpb_animate_when_almost_visible wpb_zoomIn zoomIn vc-hoverbox-shape--square vc-hoverbox-align--right vc-hoverbox-direction--reverse vc-hoverbox-width--100\"  ontouchstart=\"\">\n  <div class=\"vc-hoverbox\">\n    <div class=\"vc-hoverbox-inner\">\n      <div class=\"vc-hoverbox-block vc-hoverbox-front\" style=\"background-image: url(https:\/\/marcella.md\/wp-content\/uploads\/2017\/12\/rf-lifting.jpg);\">\n        <div class=\"vc-hoverbox-block-inner vc-hoverbox-front-inner\">\n            <h2 style=\"text-align:center\">\u0412\u0430\u0443\u0447\u0435\u0440 <\/br> 800 MDL<\/h2>\n        <\/div>\n      <\/div>\n      <div class=\"vc-hoverbox-block vc-hoverbox-back\" style=\"background-color: #51101d;\">\n        <div class=\"vc-hoverbox-block-inner vc-hoverbox-back-inner\">\n            <h2 style=\"font-size: 52px;color: #cecece;text-align: center;font-family:Abril Fatface;font-weight:400;font-style:normal\" class=\"vc_custom_heading\" ><a href=\"https:\/\/marcella.fxoptioniq.com\/contacte\/\" title=\"\u041a\u043e\u043d\u0442\u0430\u043a\u0442\u044b\">\u041f\u043e\u0434\u0430\u0440\u043e\u0447\u043d\u044b\u0439 \u0432\u0430\u0443\u0447\u0435\u0440<\/a><\/h2>\n            <p style=\"text-align: center;\">\u0446\u0435\u043d\u043e\u0439 800 \u043b\u0435\u0439<br \/>\n\u041f\u043e\u0434\u0430\u0440\u0438\u0442\u0435 \u0441\u0432\u043e\u0438\u043c \u0431\u043b\u0438\u0437\u043a\u0438\u043c \u043f\u0440\u0438\u043a\u043e\u0441\u043d\u043e\u0432\u0435\u043d\u0438\u0435 \u043a\u0440\u0430\u0441\u043e\u0442\u044b.<br \/>\n\u041f\u043e\u0440\u0430\u0434\u0443\u0439\u0442\u0435 \u0438\u0445 \u043f\u043e\u0434\u0430\u0440\u043e\u0447\u043d\u044b\u043c \u0441\u0435\u0440\u0442\u0438\u0444\u0438\u043a\u0430\u0442\u043e\u043c \u043e\u0442 Marcella Estet.<\/p>\n<p>______________________________________________<br \/>\n______________________________________________<\/p>\n<p>&nbsp;<\/p>\n\n            \n        <\/div>\n      <\/div>\n    <\/div>\n  <\/div>\n<\/div><div class=\"vc_btn3-container vc_btn3-center vc_custom_1605196812020\" ><a style=\"background-color:#51101d; color:#ffffff;\" class=\"vc_general vc_btn3 vc_btn3-size-md vc_btn3-shape-square vc_btn3-style-custom\" href=\"https:\/\/marcella.fxoptioniq.com\/contacte\/\" title=\"\u041a\u043e\u043d\u0442\u0430\u043a\u0442\u044b\">\u0417\u0430\u043a\u0430\u0437\u0430\u0442\u044c<\/a><\/div><\/div><\/div><\/div><\/div><div class=\"vc_row-full-width vc_clearfix\"><\/div><div data-vc-full-width=\"true\" data-vc-full-width-init=\"false\" class=\"vc_row wpb_row vc_row-fluid vc_custom_1605196967964 vc_row-has-fill\"><div class=\"wpb_column vc_column_container vc_col-sm-5 sc_layouts_column_icons_position_left\"><div class=\"vc_column-inner\"><div class=\"wpb_wrapper\"><div class=\"vc-hoverbox-wrapper  wpb_animate_when_almost_visible wpb_zoomIn zoomIn vc-hoverbox-shape--square vc-hoverbox-align--right vc-hoverbox-direction--reverse vc-hoverbox-width--100\"  ontouchstart=\"\">\n  <div class=\"vc-hoverbox\">\n    <div class=\"vc-hoverbox-inner\">\n      <div class=\"vc-hoverbox-block vc-hoverbox-front\" style=\"background-image: url(https:\/\/marcella.md\/wp-content\/uploads\/2020\/10\/cavitatie-1024x768.png);\">\n        <div class=\"vc-hoverbox-block-inner vc-hoverbox-front-inner\">\n            <h2 style=\"text-align:center\">\u0412\u0430\u0443\u0447\u0435\u0440 <\/br>1000 MDL<\/h2>\n        <\/div>\n      <\/div>\n      <div class=\"vc-hoverbox-block vc-hoverbox-back\" style=\"background-color: #51101d;\">\n        <div class=\"vc-hoverbox-block-inner vc-hoverbox-back-inner\">\n            <h2 style=\"font-size: 52px;color: #cecece;text-align: center;font-family:Abril Fatface;font-weight:400;font-style:normal\" class=\"vc_custom_heading\" ><a href=\"https:\/\/marcella.fxoptioniq.com\/contacte\/\" title=\"\u041a\u043e\u043d\u0442\u0430\u043a\u0442\u044b\">\u041f\u043e\u0434\u0430\u0440\u043e\u0447\u043d\u044b\u0439 \u0432\u0430\u0443\u0447\u0435\u0440<\/a><\/h2>\n            <p style=\"text-align: center;\">\u0446\u0435\u043d\u043e\u0439 1000 \u043b\u0435\u0439<br \/>\n\u041f\u043e\u0434\u0430\u0440\u0438\u0442\u0435 \u0441\u0432\u043e\u0438\u043c \u0431\u043b\u0438\u0437\u043a\u0438\u043c \u043f\u0440\u0438\u043a\u043e\u0441\u043d\u043e\u0432\u0435\u043d\u0438\u0435 \u043a\u0440\u0430\u0441\u043e\u0442\u044b.<br \/>\n\u041f\u043e\u0440\u0430\u0434\u0443\u0439\u0442\u0435 \u0438\u0445 \u043f\u043e\u0434\u0430\u0440\u043e\u0447\u043d\u044b\u043c \u0441\u0435\u0440\u0442\u0438\u0444\u0438\u043a\u0430\u0442\u043e\u043c \u043e\u0442 Marcella Estet.<\/p>\n<p>______________________________________________<br \/>\n______________________________________________<\/p>\n<p>&nbsp;<\/p>\n\n            \n        <\/div>\n      <\/div>\n    <\/div>\n  <\/div>\n<\/div><div class=\"vc_btn3-container vc_btn3-center vc_custom_1605196812020\" ><a style=\"background-color:#51101d; color:#ffffff;\" class=\"vc_general vc_btn3 vc_btn3-size-md vc_btn3-shape-square vc_btn3-style-custom\" href=\"https:\/\/marcella.fxoptioniq.com\/contacte\/\" title=\"\u041a\u043e\u043d\u0442\u0430\u043a\u0442\u044b\">\u0417\u0430\u043a\u0430\u0437\u0430\u0442\u044c<\/a><\/div><\/div><\/div><\/div><div class=\"wpb_column vc_column_container vc_col-sm-1 sc_layouts_column_icons_position_left\"><div class=\"vc_column-inner\"><div class=\"wpb_wrapper\"><\/div><\/div><\/div><div class=\"wpb_column vc_column_container vc_col-sm-5 sc_layouts_column_icons_position_left\"><div class=\"vc_column-inner\"><div class=\"wpb_wrapper\"><div class=\"vc-hoverbox-wrapper  wpb_animate_when_almost_visible wpb_zoomIn zoomIn vc-hoverbox-shape--square vc-hoverbox-align--right vc-hoverbox-direction--reverse vc-hoverbox-width--100\"  ontouchstart=\"\">\n  <div class=\"vc-hoverbox\">\n    <div class=\"vc-hoverbox-inner\">\n      <div class=\"vc-hoverbox-block vc-hoverbox-front\" style=\"background-image: url(https:\/\/marcella.md\/wp-content\/uploads\/2020\/10\/manichiura\u0306-pedichiura\u0306.jpg);\">\n        <div class=\"vc-hoverbox-block-inner vc-hoverbox-front-inner\">\n            <h2 style=\"text-align:center\">\u0412\u0430\u0443\u0447\u0435\u0440 <\/br>\u0436\u0435\u043b\u0430\u0435\u043c\u0430\u044f \u0441\u0443\u043c\u043c\u0430<\/h2>\n        <\/div>\n      <\/div>\n      <div class=\"vc-hoverbox-block vc-hoverbox-back\" style=\"background-color: #51101d;\">\n        <div class=\"vc-hoverbox-block-inner vc-hoverbox-back-inner\">\n            <h2 style=\"font-size: 52px;color: #cecece;text-align: center;font-family:Abril Fatface;font-weight:400;font-style:normal\" class=\"vc_custom_heading\" ><a href=\"https:\/\/marcella.fxoptioniq.com\/contacte\/\" title=\"\u041a\u043e\u043d\u0442\u0430\u043a\u0442\u044b\">\u041f\u043e\u0434\u0430\u0440\u043e\u0447\u043d\u044b\u0439 \u0432\u0430\u0443\u0447\u0435\u0440<\/a><\/h2>\n            <p style=\"text-align: center;\">\u0436\u0435\u043b\u0430\u0435\u043c\u0430\u044f \u0441\u0443\u043c\u043c\u0430<br \/>\n\u041f\u043e\u0434\u0430\u0440\u0438\u0442\u0435 \u0441\u0432\u043e\u0438\u043c \u0431\u043b\u0438\u0437\u043a\u0438\u043c \u043f\u0440\u0438\u043a\u043e\u0441\u043d\u043e\u0432\u0435\u043d\u0438\u0435 \u043a\u0440\u0430\u0441\u043e\u0442\u044b.<br \/>\n\u041f\u043e\u0440\u0430\u0434\u0443\u0439\u0442\u0435 \u0438\u0445 \u043f\u043e\u0434\u0430\u0440\u043e\u0447\u043d\u044b\u043c \u0441\u0435\u0440\u0442\u0438\u0444\u0438\u043a\u0430\u0442\u043e\u043c \u043e\u0442 Marcella Estet.<\/p>\n<p>______________________________________________<br \/>\n______________________________________________<\/p>\n<p>&nbsp;<\/p>\n\n            \n        <\/div>\n      <\/div>\n    <\/div>\n  <\/div>\n<\/div><div class=\"vc_btn3-container vc_btn3-center vc_custom_1605196812020\" ><a style=\"background-color:#51101d; color:#ffffff;\" class=\"vc_general vc_btn3 vc_btn3-size-md vc_btn3-shape-square vc_btn3-style-custom\" href=\"https:\/\/marcella.fxoptioniq.com\/contacte\/\" title=\"\u041a\u043e\u043d\u0442\u0430\u043a\u0442\u044b\">\u0417\u0430\u043a\u0430\u0437\u0430\u0442\u044c<\/a><\/div><\/div><\/div><\/div><\/div><div class=\"vc_row-full-width vc_clearfix\"><\/div>","protected":false},"excerpt":{"rendered":"Voucher cadouOfer\u0103 voucherele cadou cu orice ocazie: cadou de mul\u021bumire, cadou de nunt\u0103, cadou de cununie, anivers\u0103ri diverse, zile de na\u0219tere, absolvire cursuri, ob\u021binere diplome sau ori de c\u00e2te ori vrei s\u0103-i surprinzi sau s\u0103-i r\u0103sfe\u021bi pe cei dragi cu un cadou special. D\u0103ruie\u0219te un cadou inspirat, pentru orice ocazie, at\u00e2t pentru ea, c\u00e2t \u0219i pentru el. Voucherul cadou poate&hellip;","protected":false},"author":1,"featured_media":0,"parent":0,"menu_order":0,"comment_status":"closed","ping_status":"closed","template":"","meta":{"footnotes":""},"class_list":["post-2282","page","type-page","status-publish","hentry"],"_links":{"self":[{"href":"https:\/\/marcella.md\/ru\/wp-json\/wp\/v2\/pages\/2282"}],"collection":[{"href":"https:\/\/marcella.md\/ru\/wp-json\/wp\/v2\/pages"}],"about":[{"href":"https:\/\/marcella.md\/ru\/wp-json\/wp\/v2\/types\/page"}],"author":[{"embeddable":true,"href":"https:\/\/marcella.md\/ru\/wp-json\/wp\/v2\/users\/1"}],"replies":[{"embeddable":true,"href":"https:\/\/marcella.md\/ru\/wp-json\/wp\/v2\/comments?post=2282"}],"version-history":[{"count":7,"href":"https:\/\/marcella.md\/ru\/wp-json\/wp\/v2\/pages\/2282\/revisions"}],"predecessor-version":[{"id":2293,"href":"https:\/\/marcella.md\/ru\/wp-json\/wp\/v2\/pages\/2282\/revisions\/2293"}],"wp:attachment":[{"href":"https:\/\/marcella.md\/ru\/wp-json\/wp\/v2\/media?parent=2282"}],"curies":[{"name":"wp","href":"https:\/\/api.w.org\/{rel}","templated":true}]}}