{"id":2495,"date":"2020-11-19T14:36:38","date_gmt":"2020-11-19T14:36:38","guid":{"rendered":"https:\/\/marcella.md\/?page_id=2495"},"modified":"2020-11-19T14:36:38","modified_gmt":"2020-11-19T14:36:38","slug":"politica-cookies","status":"publish","type":"page","link":"https:\/\/marcella.md\/ru\/politica-cookies\/","title":{"rendered":"Politica Cookies"},"content":{"rendered":"<p>Informa\u021biile privind prelucrarea comunica\u021biilor personale \u00een cazul trimiterii de comunicate de afaceri\u00a0(adic\u0103 prelucrarea datelor cu caracter personal pe baza consim\u021b\u0103m\u00e2ntului clientului) guverneaz\u0103 ace\u0219ti termeni.<br \/>\n\u00cen conformitate cu prevederile legislative, cu privire la comunica\u021biile electronice, v\u0103 inform\u0103m c\u0103 site-ul nostru web folose\u0219te a\u0219a-numitele cookie-uri pentru activit\u0103\u021bile lor.<br \/>\nAcestea sunt fi\u0219iere text scurte, pe care site-ul web le stocheaz\u0103 pe un computer vizitator \u0219i pe care le ofer\u0103 browserului de Internet de fiecare dat\u0103 c\u00e2nd utilizatorul revine la pagin\u0103. www.marcella.md utilizeaz\u0103 cookie-uri pentru a identifica \u0219i a urm\u0103ri vizitatorii care utilizeaz\u0103 site-ul web \u0219i preferin\u021bele acestora, pentru a accesa site-ul web. Fi\u0219ierele cookies nu permit identificarea dumneavoastr\u0103 personal\u0103.<br \/>\nBrowserele web standard (Internet Explorer, Mozilla Firefox, Google Chrome etc.) accept\u0103 gestionarea modulelor cookie. \u00cen set\u0103rile browserului, pute\u021bi s\u0103 \u0219terge\u021bi manual, s\u0103 bloca\u021bi sau s\u0103 dezactiva\u021bi complet fiecare modul cookie, s\u0103 \u00eel bloca\u021bi sau s\u0103-l permite\u021bi numai pentru site-uri individuale.<br \/>\nPentru informa\u021bii mai detaliate, utiliza\u021bi ajutorul browserului dvs. Dac\u0103 browserul dvs. utilizeaz\u0103 module cookie, vom presupune c\u0103 sunte\u021bi de acord cu utilizarea cookie-urilor standard pe serverul nostru.<\/p>\n<p><strong>Care sunt cookie-urile?<\/strong><br \/>\n\u00cen general, cookie-urile sau fi\u0219ierele temporare stocate \u00eentr-un browser, pot fi \u00eemp\u0103r\u021bite \u00een dou\u0103 tipuri. Acelea care sunt stocate doar pentru o perioad\u0103 scurt\u0103 de timp \u0219i sunt folosite pe internet sau \u00een magazin pentru a facilita utilizarea acestora (de exemplu, memorarea bunurilor \u00een co\u0219, produsul vizitat, \u00eenchiderea ferestrei pop-up etc.). Aceste cookie-uri temporare v\u0103 permit s\u0103 stoca\u021bi informa\u021bii atunci c\u00e2nd naviga\u021bi de la un site web la altul, elimin\u00e2nd necesitatea reintroducerii unor date.<br \/>\nCel de-al doilea tip de cookie-uri este stocat pentru o perioad\u0103 lung\u0103 de timp (de exemplu, c\u00e2teva s\u0103pt\u0103m\u00e2ni p\u00e2n\u0103 la luni). Aceste module cookie v\u0103 identific\u0103 computerul atunci c\u00e2nd vizita\u021bi un site \u00een mod repetat. Cu toate acestea, ele nu v\u0103 permit s\u0103 v\u0103 identifica\u021bi ca o persoan\u0103 specific\u0103.<br \/>\nCookie-urile pe termen lung ne permit s\u0103 personaliz\u0103m mai bine site-ul nostru, \u0219i s\u0103 v\u0103 oferim un con\u021binut relevant sau publicitate pentru dvs. Datele colectate sunt complet anonime \u0219i nu le putem conecta la alte date.<\/p>\n<p><strong>Cum folosim cookie-urile?<\/strong><br \/>\nAmintirea set\u0103rilor dvs. personale &#8211; modulele cookie u\u0219ureaz\u0103 accesul paginilor dvs. web la accesarea cu crawlere \u0219i personalizarea con\u021binutului. De asemenea, v\u0103 permit s\u0103 v\u0103 aminti\u021bi con\u021binutul co\u0219ului de cump\u0103r\u0103turi, produsele vizitate, consim\u021b\u0103m\u00e2ntul de alert\u0103, etc.<br \/>\n<strong>Date statistice<\/strong>\u00a0&#8211; Pentru a \u00eembun\u0103t\u0103\u021bi calitatea site-ului nostru, colect\u0103m statistici anonime despre trafic pentru a ne ajuta s\u0103 dezvolt\u0103m \u00een continuare afacerea noastr\u0103. Utiliz\u0103m instrumentul Google Analytics cu un addendum valabil pentru procesarea ter\u021belor p\u0103r\u021bi pentru \u00eenregistr\u0103rile dvs. Aceste date nu pot fi asociate cu o anumit\u0103 persoan\u0103.<br \/>\n<strong>Difuzarea anun\u021burilor<\/strong>\u00a0&#8211; modulele cookie permit o direc\u021bionare mai bun\u0103 pentru utilizatorii \u0219i vizitatorii no\u0219tri, personaliz\u00e2nd con\u021binutul lor astfel \u00eenc\u00e2t clientul s\u0103 primeasc\u0103 publicitate pentru produse sau servicii care sunt relevante pentru el \u0219i care au ar\u0103tat un interes poten\u021bial \u00een trecut.<br \/>\nPentru acest tip de anun\u021buri, folosim serviciile de mai jos, \u00een care segmentarea utilizatorilor se bazeaz\u0103 pe caracteristici comune. Aceste date nu pot fi asociate cu o anumit\u0103 persoan\u0103.<\/p>\n<ul>\n<li>Google (Ads) Afla\u021bi mai multe\u00a0<strong><a href=\"https:\/\/support.google.com\/google-ads\/answer\/2407785?hl=ro\" target=\"_blank\" rel=\"nofollow noopener noreferrer\">AICI<\/a><\/strong><\/li>\n<li>Facebook (Facebook Pixel). Mai multe informa\u021bii\u00a0<strong><a href=\"https:\/\/www.facebook.com\/about\/privacy\" target=\"_blank\" rel=\"nofollow noopener noreferrer\">AICI<\/a><\/strong><\/li>\n<\/ul>\n<p>Dorim s\u0103 v\u0103 oferim cel mai bun serviciu posibil, s\u0103 cunoa\u0219te\u021bi ce ave\u021bi nevoie \u0219i ceea ce c\u0103uta\u021bi.<br \/>\nDin acest motiv, transmitem datele de trafic complet anonim la\u00a0<strong>Google Analytics \u0219i Facebook Pixel<\/strong>.<\/p>\n<p><strong>Cum s\u0103 dezactiva\u021bi sau s\u0103 \u0219terge\u021bi modulele cookie?<\/strong><br \/>\nDac\u0103 nu dori\u021bi s\u0103 utiliza\u021bi modulele cookie sau s\u0103 le \u0219terge\u021bi con\u021binutul, care au fost salvate pe site-urile dvs. pe diferite site-uri \u0219i portaluri, pute\u021bi utiliza ghidurile pentru fiecare dintre cele mai utilizate browsere de mai jos:<\/p>\n<ul>\n<li>Chrome:\u00a0<a href=\"https:\/\/support.google.com\/chrome\/answer\/95647?hl=cs&amp;hlrm=cz\" target=\"_blank\" rel=\"nofollow noopener noreferrer\">support.google.com<\/a><\/li>\n<li>Opera:\u00a0<a href=\"https:\/\/help.opera.com\/Windows\/9.64\/cs\/cookies.html\" target=\"_blank\" rel=\"nofollow noopener noreferrer\">help.opera.com<\/a><\/li>\n<li>Firefox:\u00a0<a href=\"https:\/\/support.mozilla.org\/cs\/kb\/povoleni-zakazani-cookies\" target=\"_blank\" rel=\"nofollow noopener noreferrer\">support.mozilla.org<\/a><\/li>\n<li>MSIE:\u00a0<a href=\"https:\/\/windows.microsoft.com\/cs-cz\/windows\/cookies-faq#1TC=windows-7\" target=\"_blank\" rel=\"nofollow noopener noreferrer\">windows.microsoft.com<\/a><\/li>\n<li>Safari:\u00a0<a href=\"https:\/\/support.apple.com\/kb\/HT1677?viewlocale=cs_CZ\" target=\"_blank\" rel=\"nofollow noopener noreferrer\">support.apple.com<\/a>.<\/li>\n<\/ul>","protected":false},"excerpt":{"rendered":"<p>Informa\u021biile privind prelucrarea comunica\u021biilor personale \u00een cazul trimiterii de comunicate de afaceri\u00a0(adic\u0103 prelucrarea datelor cu caracter personal pe baza consim\u021b\u0103m\u00e2ntului clientului) guverneaz\u0103 ace\u0219ti termeni. \u00cen conformitate cu prevederile legislative, cu privire la comunica\u021biile electronice, v\u0103 inform\u0103m c\u0103 site-ul nostru web folose\u0219te a\u0219a-numitele cookie-uri pentru activit\u0103\u021bile lor. Acestea sunt fi\u0219iere text scurte, pe care site-ul web le stocheaz\u0103 pe un computer&hellip;<\/p>","protected":false},"author":1,"featured_media":0,"parent":0,"menu_order":0,"comment_status":"closed","ping_status":"closed","template":"","meta":{"footnotes":""},"class_list":["post-2495","page","type-page","status-publish","hentry"],"_links":{"self":[{"href":"https:\/\/marcella.md\/ru\/wp-json\/wp\/v2\/pages\/2495"}],"collection":[{"href":"https:\/\/marcella.md\/ru\/wp-json\/wp\/v2\/pages"}],"about":[{"href":"https:\/\/marcella.md\/ru\/wp-json\/wp\/v2\/types\/page"}],"author":[{"embeddable":true,"href":"https:\/\/marcella.md\/ru\/wp-json\/wp\/v2\/users\/1"}],"replies":[{"embeddable":true,"href":"https:\/\/marcella.md\/ru\/wp-json\/wp\/v2\/comments?post=2495"}],"version-history":[{"count":1,"href":"https:\/\/marcella.md\/ru\/wp-json\/wp\/v2\/pages\/2495\/revisions"}],"predecessor-version":[{"id":2496,"href":"https:\/\/marcella.md\/ru\/wp-json\/wp\/v2\/pages\/2495\/revisions\/2496"}],"wp:attachment":[{"href":"https:\/\/marcella.md\/ru\/wp-json\/wp\/v2\/media?parent=2495"}],"curies":[{"name":"wp","href":"https:\/\/api.w.org\/{rel}","templated":true}]}}